{"id":608,"date":"2023-02-02T08:57:10","date_gmt":"2023-02-02T08:57:10","guid":{"rendered":"https:\/\/safe.eduproject.eu\/?page_id=608"},"modified":"2023-02-02T09:32:59","modified_gmt":"2023-02-02T09:32:59","slug":"safe-teacher-training-modules-2","status":"publish","type":"page","link":"https:\/\/safe.eduproject.eu\/index.php\/safe-teacher-training-modules-2\/","title":{"rendered":"SAFE Teacher Training Modules"},"content":{"rendered":"\n<p><\/p>\n\n\n\n<p><strong>IO3 SAFE \u2013 Teacher training course on Streamlabs OBS and use of streaming platforms<\/strong><\/p>\n\n\n\n<p>Modular teacher training curriculum for streaming at schools will be developed as a basis for the online courses and learning modules on the learning platform to be developed.<\/p>\n\n\n\n<p>The idea: to support the acquisition of key high-value competences necessary for the establishing modern and innovative learning with as comparable European focus which works under COVID-19<\/p>\n\n\n\n<p><\/p>\n\n\n\n<figure class=\"wp-block-image size-large\"><img loading=\"lazy\" decoding=\"async\" width=\"1024\" height=\"518\" src=\"https:\/\/safe.eduproject.eu\/wp-content\/uploads\/2023\/02\/SAFE-I-1024x518.png\" alt=\"\" class=\"wp-image-616\" srcset=\"https:\/\/safe.eduproject.eu\/wp-content\/uploads\/2023\/02\/SAFE-I-1024x518.png 1024w, https:\/\/safe.eduproject.eu\/wp-content\/uploads\/2023\/02\/SAFE-I-300x152.png 300w, https:\/\/safe.eduproject.eu\/wp-content\/uploads\/2023\/02\/SAFE-I-768x389.png 768w, https:\/\/safe.eduproject.eu\/wp-content\/uploads\/2023\/02\/SAFE-I.png 1448w\" sizes=\"auto, (max-width: 767px) 89vw, (max-width: 1000px) 54vw, (max-width: 1071px) 543px, 580px\" \/><\/figure>\n\n\n\n<p><\/p>\n\n\n\n<figure class=\"wp-block-image size-large\"><img loading=\"lazy\" decoding=\"async\" width=\"1024\" height=\"496\" src=\"https:\/\/safe.eduproject.eu\/wp-content\/uploads\/2023\/02\/SAFE-II-1024x496.png\" alt=\"\" class=\"wp-image-617\" srcset=\"https:\/\/safe.eduproject.eu\/wp-content\/uploads\/2023\/02\/SAFE-II-1024x496.png 1024w, https:\/\/safe.eduproject.eu\/wp-content\/uploads\/2023\/02\/SAFE-II-300x145.png 300w, https:\/\/safe.eduproject.eu\/wp-content\/uploads\/2023\/02\/SAFE-II-768x372.png 768w, https:\/\/safe.eduproject.eu\/wp-content\/uploads\/2023\/02\/SAFE-II-1536x745.png 1536w, https:\/\/safe.eduproject.eu\/wp-content\/uploads\/2023\/02\/SAFE-II.png 1679w\" sizes=\"auto, (max-width: 767px) 89vw, (max-width: 1000px) 54vw, (max-width: 1071px) 543px, 580px\" \/><\/figure>\n\n\n\n<p><\/p>\n\n\n\n<figure class=\"wp-block-image size-large\"><img loading=\"lazy\" decoding=\"async\" width=\"1024\" height=\"569\" src=\"https:\/\/safe.eduproject.eu\/wp-content\/uploads\/2023\/02\/SAFE-III-1024x569.png\" alt=\"\" class=\"wp-image-618\" srcset=\"https:\/\/safe.eduproject.eu\/wp-content\/uploads\/2023\/02\/SAFE-III-1024x569.png 1024w, https:\/\/safe.eduproject.eu\/wp-content\/uploads\/2023\/02\/SAFE-III-300x167.png 300w, https:\/\/safe.eduproject.eu\/wp-content\/uploads\/2023\/02\/SAFE-III-768x427.png 768w, https:\/\/safe.eduproject.eu\/wp-content\/uploads\/2023\/02\/SAFE-III-1536x854.png 1536w, https:\/\/safe.eduproject.eu\/wp-content\/uploads\/2023\/02\/SAFE-III.png 1599w\" sizes=\"auto, (max-width: 767px) 89vw, (max-width: 1000px) 54vw, (max-width: 1071px) 543px, 580px\" \/><\/figure>\n\n\n\n<p><strong><em>Translations: <\/em><\/strong><\/p>\n\n\n\n<p>IO3 SAFE &#8211; Lehrerfortbildungskurs zu Streamlabs OBS und Nutzung von Streaming-Plattformen<\/p>\n\n\n\n<p>Als Grundlage f\u00fcr die zu entwickelnden Online-Kurse und Lernmodule auf der Lernplattform wird ein modulares Lehrerausbildungscurriculum f\u00fcr Streaming an Schulen entwickelt.<\/p>\n\n\n\n<p>Die Idee: den Erwerb von hochwertigen Schl\u00fcsselkompetenzen zu unterst\u00fctzen, die f\u00fcr die Etablierung von modernem und innovativem Lernen mit einem vergleichbaren europ\u00e4ischen Schwerpunkt notwendig sind, der unter COVID-19 arbeitet.<\/p>\n\n\n\n<p><\/p>\n\n\n\n<p><\/p>\n\n\n\n<p>IO3 SAFE &#8211; \u0160kolen\u00ed u\u010ditel\u016f o Streamlabs OBS a pou\u017e\u00edv\u00e1n\u00ed streamovac\u00edch platforem<\/p>\n\n\n\n<p>Bude vytvo\u0159en modul\u00e1rn\u00ed vzd\u011bl\u00e1vac\u00ed program pro u\u010ditele pro streamov\u00e1n\u00ed na \u0161kol\u00e1ch jako z\u00e1klad pro online kurzy a vzd\u011bl\u00e1vac\u00ed moduly na vzd\u011bl\u00e1vac\u00ed platform\u011b, kter\u00e1 bude vyvinuta.<\/p>\n\n\n\n<p>My\u0161lenka: podpo\u0159it z\u00edsk\u00e1v\u00e1n\u00ed kl\u00ed\u010dov\u00fdch vysoce hodnotn\u00fdch kompetenc\u00ed nezbytn\u00fdch pro zaveden\u00ed modern\u00edho a inovativn\u00edho vzd\u011bl\u00e1v\u00e1n\u00ed s co nejsrovnateln\u011bj\u0161\u00edm evropsk\u00fdm zam\u011b\u0159en\u00edm, kter\u00e9 funguje v r\u00e1mci COVID-19.<\/p>\n\n\n\n<p><\/p>\n\n\n\n<p><\/p>\n\n\n\n<p>IO3 SAFE &#8211; Curso de formaci\u00f3n de profesores sobre Streamlabs OBS y el uso de plataformas de streaming<\/p>\n\n\n\n<p>Se desarrollar\u00e1 un plan de estudios modular de formaci\u00f3n del profesorado para el streaming en los centros escolares como base para los cursos en l\u00ednea y los m\u00f3dulos de aprendizaje en la plataforma de aprendizaje que se desarrollar\u00e1.<\/p>\n\n\n\n<p>La idea: apoyar la adquisici\u00f3n de competencias clave de alto valor necesarias para el establecimiento de un aprendizaje moderno e innovador con un enfoque europeo comparable que funcione en el marco de COVID-19.<\/p>\n","protected":false},"excerpt":{"rendered":"<p>IO3 SAFE \u2013 Teacher training course on Streamlabs OBS and use of streaming platforms Modular teacher training curriculum for streaming at schools will be developed as a basis for the online courses and learning modules on the learning platform to be developed. The idea: to support the acquisition of key high-value competences necessary for the &hellip; <\/p>\n<p class=\"link-more\"><a href=\"https:\/\/safe.eduproject.eu\/index.php\/safe-teacher-training-modules-2\/\" class=\"more-link\">Continue reading<span class=\"screen-reader-text\"> &#8220;SAFE Teacher Training Modules&#8221;<\/span><\/a><\/p>\n","protected":false},"author":1,"featured_media":0,"parent":0,"menu_order":0,"comment_status":"closed","ping_status":"closed","template":"","meta":{"footnotes":""},"class_list":["post-608","page","type-page","status-publish","hentry"],"_links":{"self":[{"href":"https:\/\/safe.eduproject.eu\/index.php\/wp-json\/wp\/v2\/pages\/608","targetHints":{"allow":["GET"]}}],"collection":[{"href":"https:\/\/safe.eduproject.eu\/index.php\/wp-json\/wp\/v2\/pages"}],"about":[{"href":"https:\/\/safe.eduproject.eu\/index.php\/wp-json\/wp\/v2\/types\/page"}],"author":[{"embeddable":true,"href":"https:\/\/safe.eduproject.eu\/index.php\/wp-json\/wp\/v2\/users\/1"}],"replies":[{"embeddable":true,"href":"https:\/\/safe.eduproject.eu\/index.php\/wp-json\/wp\/v2\/comments?post=608"}],"version-history":[{"count":2,"href":"https:\/\/safe.eduproject.eu\/index.php\/wp-json\/wp\/v2\/pages\/608\/revisions"}],"predecessor-version":[{"id":619,"href":"https:\/\/safe.eduproject.eu\/index.php\/wp-json\/wp\/v2\/pages\/608\/revisions\/619"}],"wp:attachment":[{"href":"https:\/\/safe.eduproject.eu\/index.php\/wp-json\/wp\/v2\/media?parent=608"}],"curies":[{"name":"wp","href":"https:\/\/api.w.org\/{rel}","templated":true}]}}