{"id":427,"date":"2023-02-01T09:31:44","date_gmt":"2023-02-01T09:31:44","guid":{"rendered":"https:\/\/safe.eduproject.eu\/?page_id=427"},"modified":"2023-02-02T10:19:22","modified_gmt":"2023-02-02T10:19:22","slug":"platforma-pro-streamovani-skoleni-ucitelu-safe-cz","status":"publish","type":"page","link":"https:\/\/safe.eduproject.eu\/index.php\/platforma-pro-streamovani-skoleni-ucitelu-safe-cz\/","title":{"rendered":"\u00dakoly H5P pro kurz pro u\u010ditele &#8211; \u010cesk\u00fd jazyk"},"content":{"rendered":"\n<p><strong>Platforma pro streamov\u00e1n\u00ed \u0161kolen\u00ed u\u010ditel\u016f SAFE<\/strong><\/p>\n\n\n\n<p><\/p>\n\n\n\n<div class=\"h5p-iframe-wrapper\"><iframe id=\"h5p-iframe-8\" class=\"h5p-iframe\" data-content-id=\"8\" style=\"height:1px\" src=\"about:blank\" frameBorder=\"0\" scrolling=\"no\" title=\"SAFE Teacher Training Streaming Platform -  I - CZ\"><\/iframe><\/div>\n\n\n\n<p><\/p>\n\n\n\n<div class=\"h5p-iframe-wrapper\"><iframe id=\"h5p-iframe-9\" class=\"h5p-iframe\" data-content-id=\"9\" style=\"height:1px\" src=\"about:blank\" frameBorder=\"0\" scrolling=\"no\" title=\"SAFE Teacher Training Streaming Platform -  II - CZ\"><\/iframe><\/div>\n\n\n\n<p><\/p>\n\n\n\n<div class=\"h5p-iframe-wrapper\"><iframe id=\"h5p-iframe-10\" class=\"h5p-iframe\" data-content-id=\"10\" style=\"height:1px\" src=\"about:blank\" frameBorder=\"0\" scrolling=\"no\" title=\"SAFE Teacher Training Streaming Platform -  III - CZ\"><\/iframe><\/div>\n\n\n\n<p><strong>Software SAFE pro \u0161kolen\u00ed u\u010ditel\u016f<\/strong><\/p>\n\n\n\n<p><\/p>\n\n\n\n<div class=\"h5p-iframe-wrapper\"><iframe id=\"h5p-iframe-11\" class=\"h5p-iframe\" data-content-id=\"11\" style=\"height:1px\" src=\"about:blank\" frameBorder=\"0\" scrolling=\"no\" title=\"SAFE Teacher Training Streaming Software \u2013 I \u2013 CZ\"><\/iframe><\/div>\n\n\n\n<p><\/p>\n\n\n\n<div class=\"h5p-iframe-wrapper\"><iframe id=\"h5p-iframe-12\" class=\"h5p-iframe\" data-content-id=\"12\" style=\"height:1px\" src=\"about:blank\" frameBorder=\"0\" scrolling=\"no\" title=\"SAFE Teacher Training Streaming Software \u2013 II \u2013 CZ\"><\/iframe><\/div>\n\n\n\n<p><\/p>\n\n\n\n<div class=\"h5p-iframe-wrapper\"><iframe id=\"h5p-iframe-13\" class=\"h5p-iframe\" data-content-id=\"13\" style=\"height:1px\" src=\"about:blank\" frameBorder=\"0\" scrolling=\"no\" title=\"SAFE Teacher Training Streaming Software-  III - CZ\"><\/iframe><\/div>\n\n\n\n<p><\/p>\n\n\n\n<div class=\"h5p-iframe-wrapper\"><iframe id=\"h5p-iframe-14\" class=\"h5p-iframe\" data-content-id=\"14\" style=\"height:1px\" src=\"about:blank\" frameBorder=\"0\" scrolling=\"no\" title=\"SAFE Teacher Training Streaming Software \u2013 IV \u2013 CZ\"><\/iframe><\/div>\n\n\n\n<p><\/p>\n","protected":false},"excerpt":{"rendered":"<p>Platforma pro streamov\u00e1n\u00ed \u0161kolen\u00ed u\u010ditel\u016f SAFE Software SAFE pro \u0161kolen\u00ed u\u010ditel\u016f<\/p>\n","protected":false},"author":1,"featured_media":0,"parent":0,"menu_order":0,"comment_status":"closed","ping_status":"closed","template":"","meta":{"footnotes":""},"class_list":["post-427","page","type-page","status-publish","hentry"],"_links":{"self":[{"href":"https:\/\/safe.eduproject.eu\/index.php\/wp-json\/wp\/v2\/pages\/427","targetHints":{"allow":["GET"]}}],"collection":[{"href":"https:\/\/safe.eduproject.eu\/index.php\/wp-json\/wp\/v2\/pages"}],"about":[{"href":"https:\/\/safe.eduproject.eu\/index.php\/wp-json\/wp\/v2\/types\/page"}],"author":[{"embeddable":true,"href":"https:\/\/safe.eduproject.eu\/index.php\/wp-json\/wp\/v2\/users\/1"}],"replies":[{"embeddable":true,"href":"https:\/\/safe.eduproject.eu\/index.php\/wp-json\/wp\/v2\/comments?post=427"}],"version-history":[{"count":4,"href":"https:\/\/safe.eduproject.eu\/index.php\/wp-json\/wp\/v2\/pages\/427\/revisions"}],"predecessor-version":[{"id":659,"href":"https:\/\/safe.eduproject.eu\/index.php\/wp-json\/wp\/v2\/pages\/427\/revisions\/659"}],"wp:attachment":[{"href":"https:\/\/safe.eduproject.eu\/index.php\/wp-json\/wp\/v2\/media?parent=427"}],"curies":[{"name":"wp","href":"https:\/\/api.w.org\/{rel}","templated":true}]}}