{"id":38,"date":"2022-03-17T11:42:34","date_gmt":"2022-03-17T11:42:34","guid":{"rendered":"https:\/\/safe.eduproject.eu\/?page_id=38"},"modified":"2022-03-21T08:04:02","modified_gmt":"2022-03-21T08:04:02","slug":"partner","status":"publish","type":"page","link":"https:\/\/safe.eduproject.eu\/index.php\/partner\/","title":{"rendered":"Partner"},"content":{"rendered":"\n<h1 class=\"wp-block-heading\">Partner<\/h1>\n\n\n\n<p><strong>Coordinator<\/strong><\/p>\n\n\n\n<p><strong>Germany (DE)<\/strong><br>Universit\u00e4t Paderborn (UPB)<br>Lehrstuhl Wirtschaftsp\u00e4dagogik II \/<br>Chair Business and Human Resource Education II<br>Department 5: Wirtschaftsp\u00e4dagogik \u2013 Business and Human Resource Education<br>Warburger Str. 100<br>33098 Paderborn, Deutschland<br><br><strong>Prof. Dr. Marc Beutner<\/strong><\/p>\n\n\n\n<figure class=\"wp-block-image size-full\"><img loading=\"lazy\" decoding=\"async\" width=\"356\" height=\"142\" src=\"https:\/\/safe.eduproject.eu\/wp-content\/uploads\/2022\/03\/UPB.png\" alt=\"\" class=\"wp-image-19\" srcset=\"https:\/\/safe.eduproject.eu\/wp-content\/uploads\/2022\/03\/UPB.png 356w, https:\/\/safe.eduproject.eu\/wp-content\/uploads\/2022\/03\/UPB-300x120.png 300w\" sizes=\"auto, (max-width: 356px) 100vw, 356px\" \/><\/figure>\n\n\n\n<p><\/p>\n\n\n\n<p><\/p>\n\n\n\n<p><strong>Partners<\/strong><\/p>\n\n\n\n<p><strong>P1&nbsp;&nbsp; Ingenious Knowledge GmbH (IK), DE<\/strong><br>Gottfried-Hagen-Str. 60-62<br>51105 K\u00f6ln, Deutschland<br><br><strong>CEO Rasmus Pechuel<\/strong><\/p>\n\n\n\n<p><a href=\"http:\/\/ingeniousknowledge.com\/\">http:\/\/ingeniousknowledge.com\/<\/a><\/p>\n\n\n\n<figure class=\"wp-block-image size-full\"><img loading=\"lazy\" decoding=\"async\" width=\"433\" height=\"116\" src=\"https:\/\/safe.eduproject.eu\/wp-content\/uploads\/2022\/03\/IK.jpg\" alt=\"\" class=\"wp-image-78\" srcset=\"https:\/\/safe.eduproject.eu\/wp-content\/uploads\/2022\/03\/IK.jpg 433w, https:\/\/safe.eduproject.eu\/wp-content\/uploads\/2022\/03\/IK-300x80.jpg 300w\" sizes=\"auto, (max-width: 433px) 100vw, 433px\" \/><\/figure>\n\n\n\n<p><\/p>\n\n\n\n<p><\/p>\n\n\n\n<p><strong>P2 CEIP TOM\u00c1S ROMOJARO (CEIP), SP<\/strong><br>Santo Tomas de Aquino,  4<br>45510 FUENSALIDA, SPAIN<br><br><strong>Maria Jesus Lopez Fernandez<\/strong><br><br><a href=\"http:\/\/ceip-tomasromojaro.centros.castillalamancha.es\/\">http:\/\/ceip-tomasromojaro.centros.castillalamancha.es\/<\/a><\/p>\n\n\n\n<figure class=\"wp-block-image size-full\"><img loading=\"lazy\" decoding=\"async\" width=\"224\" height=\"300\" src=\"https:\/\/safe.eduproject.eu\/wp-content\/uploads\/2022\/03\/logo-224x300-CEIP-ES.jpg\" alt=\"\" class=\"wp-image-82\"\/><\/figure>\n\n\n\n<p><\/p>\n\n\n\n<p><\/p>\n\n\n\n<p><strong>P3 Kurzy Zebra (ZEBRA), CZ<\/strong><br>Bratro\u0148ov 57<br>53825 Ct\u011bt\u00edn, CZech Republic<br><br><strong>So\u0148a Nekvapilov\u00e1<\/strong><\/p>\n\n\n\n<figure class=\"wp-block-image size-full\"><img loading=\"lazy\" decoding=\"async\" width=\"225\" height=\"225\" src=\"https:\/\/safe.eduproject.eu\/wp-content\/uploads\/2022\/03\/ZEBRA.png\" alt=\"\" class=\"wp-image-79\" srcset=\"https:\/\/safe.eduproject.eu\/wp-content\/uploads\/2022\/03\/ZEBRA.png 225w, https:\/\/safe.eduproject.eu\/wp-content\/uploads\/2022\/03\/ZEBRA-150x150.png 150w, https:\/\/safe.eduproject.eu\/wp-content\/uploads\/2022\/03\/ZEBRA-100x100.png 100w\" sizes=\"auto, (max-width: 225px) 100vw, 225px\" \/><\/figure>\n\n\n\n<p><\/p>\n","protected":false},"excerpt":{"rendered":"<p>Partner Coordinator Germany (DE)Universit\u00e4t Paderborn (UPB)Lehrstuhl Wirtschaftsp\u00e4dagogik II \/Chair Business and Human Resource Education IIDepartment 5: Wirtschaftsp\u00e4dagogik \u2013 Business and Human Resource EducationWarburger Str. 10033098 Paderborn, Deutschland Prof. Dr. Marc Beutner Partners P1&nbsp;&nbsp; Ingenious Knowledge GmbH (IK), DEGottfried-Hagen-Str. 60-6251105 K\u00f6ln, Deutschland CEO Rasmus Pechuel http:\/\/ingeniousknowledge.com\/ P2 CEIP TOM\u00c1S ROMOJARO (CEIP), SPSanto Tomas de Aquino, 445510 &hellip; <\/p>\n<p class=\"link-more\"><a href=\"https:\/\/safe.eduproject.eu\/index.php\/partner\/\" class=\"more-link\">Continue reading<span class=\"screen-reader-text\"> &#8220;Partner&#8221;<\/span><\/a><\/p>\n","protected":false},"author":1,"featured_media":0,"parent":0,"menu_order":0,"comment_status":"closed","ping_status":"closed","template":"","meta":{"footnotes":""},"class_list":["post-38","page","type-page","status-publish","hentry"],"_links":{"self":[{"href":"https:\/\/safe.eduproject.eu\/index.php\/wp-json\/wp\/v2\/pages\/38","targetHints":{"allow":["GET"]}}],"collection":[{"href":"https:\/\/safe.eduproject.eu\/index.php\/wp-json\/wp\/v2\/pages"}],"about":[{"href":"https:\/\/safe.eduproject.eu\/index.php\/wp-json\/wp\/v2\/types\/page"}],"author":[{"embeddable":true,"href":"https:\/\/safe.eduproject.eu\/index.php\/wp-json\/wp\/v2\/users\/1"}],"replies":[{"embeddable":true,"href":"https:\/\/safe.eduproject.eu\/index.php\/wp-json\/wp\/v2\/comments?post=38"}],"version-history":[{"count":4,"href":"https:\/\/safe.eduproject.eu\/index.php\/wp-json\/wp\/v2\/pages\/38\/revisions"}],"predecessor-version":[{"id":84,"href":"https:\/\/safe.eduproject.eu\/index.php\/wp-json\/wp\/v2\/pages\/38\/revisions\/84"}],"wp:attachment":[{"href":"https:\/\/safe.eduproject.eu\/index.php\/wp-json\/wp\/v2\/media?parent=38"}],"curies":[{"name":"wp","href":"https:\/\/api.w.org\/{rel}","templated":true}]}}