{"id":307,"date":"2023-01-25T14:31:15","date_gmt":"2023-01-25T14:31:15","guid":{"rendered":"https:\/\/safe.eduproject.eu\/?page_id=307"},"modified":"2023-02-02T10:14:36","modified_gmt":"2023-02-02T10:14:36","slug":"safe-h5p","status":"publish","type":"page","link":"https:\/\/safe.eduproject.eu\/index.php\/safe-h5p\/","title":{"rendered":"H5P Tasks &#8211; for the Teacher Trainings Cources"},"content":{"rendered":"\n<p><\/p>\n\n\n\n<p>H5P is a web-based technology that enables the creation and sharing of interactive HTML5 content such as presentations, quizzes, games and more. It stands for HTML5 Package and is used to create engaging and interactive learning experiences for students, educators and trainers.<\/p>\n\n\n\n<p><\/p>\n\n\n\n<p>H5P ist eine webbasierte Technologie, die die Erstellung und den Austausch interaktiver HTML5-Inhalte wie Pr\u00e4sentationen, Quizze, Spiele und mehr erm\u00f6glicht. Es steht f\u00fcr HTML5-Paket und wird verwendet, um fesselnde und interaktive Lernerfahrungen f\u00fcr Sch\u00fcler, Lehrkr\u00e4fte und Ausbilder zu schaffen.<\/p>\n\n\n\n<p><\/p>\n\n\n\n<p>H5P je webov\u00e1 technologie, kter\u00e1 umo\u017e\u0148uje vytv\u00e1\u0159et a sd\u00edlet interaktivn\u00ed obsah HTML5, jako jsou prezentace, kv\u00edzy, hry a dal\u0161\u00ed. Je zkratkou pro HTML5 Package a pou\u017e\u00edv\u00e1 se k vytv\u00e1\u0159en\u00ed poutav\u00fdch a interaktivn\u00edch v\u00fdukov\u00fdch z\u00e1\u017eitk\u016f pro studenty, pedagogy a \u0161kolitele.<\/p>\n\n\n\n<p><\/p>\n\n\n\n<p>H5P es una tecnolog\u00eda basada en la web que permite crear y compartir contenidos HTML5 interactivos, como presentaciones, cuestionarios, juegos y mucho m\u00e1s. Son las siglas de HTML5 Package y se utiliza para crear experiencias de aprendizaje atractivas e interactivas para estudiantes, educadores y formadores.<\/p>\n","protected":false},"excerpt":{"rendered":"<p>H5P is a web-based technology that enables the creation and sharing of interactive HTML5 content such as presentations, quizzes, games and more. It stands for HTML5 Package and is used to create engaging and interactive learning experiences for students, educators and trainers. H5P ist eine webbasierte Technologie, die die Erstellung und den Austausch interaktiver HTML5-Inhalte &hellip; <\/p>\n<p class=\"link-more\"><a href=\"https:\/\/safe.eduproject.eu\/index.php\/safe-h5p\/\" class=\"more-link\">Continue reading<span class=\"screen-reader-text\"> &#8220;H5P Tasks &#8211; for the Teacher Trainings Cources&#8221;<\/span><\/a><\/p>\n","protected":false},"author":1,"featured_media":0,"parent":0,"menu_order":0,"comment_status":"closed","ping_status":"closed","template":"","meta":{"footnotes":""},"class_list":["post-307","page","type-page","status-publish","hentry"],"_links":{"self":[{"href":"https:\/\/safe.eduproject.eu\/index.php\/wp-json\/wp\/v2\/pages\/307","targetHints":{"allow":["GET"]}}],"collection":[{"href":"https:\/\/safe.eduproject.eu\/index.php\/wp-json\/wp\/v2\/pages"}],"about":[{"href":"https:\/\/safe.eduproject.eu\/index.php\/wp-json\/wp\/v2\/types\/page"}],"author":[{"embeddable":true,"href":"https:\/\/safe.eduproject.eu\/index.php\/wp-json\/wp\/v2\/users\/1"}],"replies":[{"embeddable":true,"href":"https:\/\/safe.eduproject.eu\/index.php\/wp-json\/wp\/v2\/comments?post=307"}],"version-history":[{"count":4,"href":"https:\/\/safe.eduproject.eu\/index.php\/wp-json\/wp\/v2\/pages\/307\/revisions"}],"predecessor-version":[{"id":658,"href":"https:\/\/safe.eduproject.eu\/index.php\/wp-json\/wp\/v2\/pages\/307\/revisions\/658"}],"wp:attachment":[{"href":"https:\/\/safe.eduproject.eu\/index.php\/wp-json\/wp\/v2\/media?parent=307"}],"curies":[{"name":"wp","href":"https:\/\/api.w.org\/{rel}","templated":true}]}}