{"id":305,"date":"2023-01-25T14:30:53","date_gmt":"2023-01-25T14:30:53","guid":{"rendered":"https:\/\/safe.eduproject.eu\/?page_id=305"},"modified":"2023-02-02T09:37:39","modified_gmt":"2023-02-02T09:37:39","slug":"safe-classroom-materials","status":"publish","type":"page","link":"https:\/\/safe.eduproject.eu\/index.php\/safe-classroom-materials\/","title":{"rendered":"SAFE Classroom-Materials"},"content":{"rendered":"\n<p><\/p>\n\n\n\n<p>The SAFE face-to-face materials for the Teacher Training Courses are structured in such a way that the content and subsequent tasks are perfectly aligned with the Teacher Training Course. The tasks are suitable both as further learning content for self-learning phases and as task impulses for group work.<\/p>\n\n\n\n<p><\/p>\n\n\n\n<p>Die SAFE Pr\u00e4senzmaterialien f\u00fcr die Teacher- Training Courses sind so aufgebaut, dass die Inhalte und darauffolgenden Aufgabenstellungen perfekt auf die Teacher- Training Course abgestimmt sind. Dabei sind die Aufgaben einerseits als weiterf\u00fchrende Lerninhalte f\u00fcr Selbstlernphasen geeignet, wie auch als Aufgabenimpulse f\u00fcr Gruppenarbeiten.<\/p>\n\n\n\n<p><\/p>\n\n\n\n<p>Los materiales presenciales SAFE para los Cursos de Formaci\u00f3n de Profesores est\u00e1n estructurados de tal manera que el contenido y las tareas posteriores se ajustan perfectamente al Curso de Formaci\u00f3n de Profesores. Las tareas son adecuadas como contenido de aprendizaje adicional para las fases de autoaprendizaje y como impulsos de tareas para el trabajo en grupo.<\/p>\n\n\n\n<p><\/p>\n\n\n\n<p>Osobn\u00ed materi\u00e1ly SAFE pro kurzy pro u\u010ditele jsou strukturov\u00e1ny tak, aby obsah a n\u00e1sledn\u00e9 \u00fakoly byly dokonale slad\u011bny s kurzem pro u\u010ditele. \u00dakoly jsou vhodn\u00e9 jak jako dal\u0161\u00ed vzd\u011bl\u00e1vac\u00ed obsah pro f\u00e1ze samostudia, tak jako podn\u011bty pro skupinovou pr\u00e1ci.<\/p>\n","protected":false},"excerpt":{"rendered":"<p>The SAFE face-to-face materials for the Teacher Training Courses are structured in such a way that the content and subsequent tasks are perfectly aligned with the Teacher Training Course. The tasks are suitable both as further learning content for self-learning phases and as task impulses for group work. Die SAFE Pr\u00e4senzmaterialien f\u00fcr die Teacher- Training &hellip; <\/p>\n<p class=\"link-more\"><a href=\"https:\/\/safe.eduproject.eu\/index.php\/safe-classroom-materials\/\" class=\"more-link\">Continue reading<span class=\"screen-reader-text\"> &#8220;SAFE Classroom-Materials&#8221;<\/span><\/a><\/p>\n","protected":false},"author":1,"featured_media":0,"parent":0,"menu_order":0,"comment_status":"closed","ping_status":"closed","template":"","meta":{"footnotes":""},"class_list":["post-305","page","type-page","status-publish","hentry"],"_links":{"self":[{"href":"https:\/\/safe.eduproject.eu\/index.php\/wp-json\/wp\/v2\/pages\/305","targetHints":{"allow":["GET"]}}],"collection":[{"href":"https:\/\/safe.eduproject.eu\/index.php\/wp-json\/wp\/v2\/pages"}],"about":[{"href":"https:\/\/safe.eduproject.eu\/index.php\/wp-json\/wp\/v2\/types\/page"}],"author":[{"embeddable":true,"href":"https:\/\/safe.eduproject.eu\/index.php\/wp-json\/wp\/v2\/users\/1"}],"replies":[{"embeddable":true,"href":"https:\/\/safe.eduproject.eu\/index.php\/wp-json\/wp\/v2\/comments?post=305"}],"version-history":[{"count":3,"href":"https:\/\/safe.eduproject.eu\/index.php\/wp-json\/wp\/v2\/pages\/305\/revisions"}],"predecessor-version":[{"id":622,"href":"https:\/\/safe.eduproject.eu\/index.php\/wp-json\/wp\/v2\/pages\/305\/revisions\/622"}],"wp:attachment":[{"href":"https:\/\/safe.eduproject.eu\/index.php\/wp-json\/wp\/v2\/media?parent=305"}],"curies":[{"name":"wp","href":"https:\/\/api.w.org\/{rel}","templated":true}]}}