{"id":303,"date":"2023-01-25T14:30:24","date_gmt":"2023-01-25T14:30:24","guid":{"rendered":"https:\/\/safe.eduproject.eu\/?page_id=303"},"modified":"2023-02-04T18:35:04","modified_gmt":"2023-02-04T18:35:04","slug":"safe-curriculum","status":"publish","type":"page","link":"https:\/\/safe.eduproject.eu\/index.php\/safe-curriculum\/","title":{"rendered":"SAFE \u2013 Teacher Training Course &#038; Curriculum"},"content":{"rendered":"\n<p><strong>IO3 SAFE \u2013 Teacher training course on Streamlabs OBS and use of streaming platforms<\/strong><\/p>\n\n\n\n<p>Modular teacher training curriculum for streaming at schools will be developed as a basis for the online courses and learning modules on the learning platform to be developed.<\/p>\n\n\n\n<p>The idea: to support the acquisition of key high-value competences necessary for the establishing modern and innovative learn<\/p>\n\n\n\n<p><\/p>\n\n\n\n<p><\/p>\n\n\n\n<p><strong>IO3 SAFE &#8211; Lehrerfortbildungskurs zu Streamlabs OBS und Nutzung von Streaming-Plattformen<\/strong><\/p>\n\n\n\n<p>Als Grundlage f\u00fcr die zu entwickelnden Online-Kurse und Lernmodule auf der Lernplattform wird ein modulares Lehrerausbildungscurriculum f\u00fcr Streaming an Schulen entwickelt.<\/p>\n\n\n\n<p>Die Idee: den Erwerb von hochwertigen Schl\u00fcsselkompetenzen zu unterst\u00fctzen, die f\u00fcr die Etablierung von modernem und innovativem Lernen mit einem vergleichbaren europ\u00e4ischen Schwerpunkt notwendig sind, der unter COVID-19 arbeitet.<\/p>\n\n\n\n<p><\/p>\n\n\n\n<p><\/p>\n\n\n\n<p><strong>IO3 SAFE &#8211; Curso de formaci\u00f3n de profesores sobre Streamlabs OBS y el uso de plataformas de streaming<\/strong><\/p>\n\n\n\n<p>Se desarrollar\u00e1 un plan de estudios modular de formaci\u00f3n del profesorado para el streaming en los centros escolares como base para los cursos en l\u00ednea y los m\u00f3dulos de aprendizaje en la plataforma de aprendizaje que se desarrollar\u00e1.<\/p>\n\n\n\n<p>La idea: apoyar la adquisici\u00f3n de competencias clave de alto valor necesarias para el establecimiento de un aprendizaje moderno e innovador.<\/p>\n\n\n\n<p><\/p>\n\n\n\n<p><\/p>\n\n\n\n<p><strong>IO3 SAFE &#8211; \u0160kolen\u00ed u\u010ditel\u016f o Streamlabs OBS a pou\u017e\u00edv\u00e1n\u00ed streamovac\u00edch platforem<\/strong><\/p>\n\n\n\n<p>Bude vytvo\u0159en modul\u00e1rn\u00ed vzd\u011bl\u00e1vac\u00ed program pro u\u010ditele pro streamov\u00e1n\u00ed na \u0161kol\u00e1ch jako z\u00e1klad pro online kurzy a vzd\u011bl\u00e1vac\u00ed moduly na vzd\u011bl\u00e1vac\u00ed platform\u011b, kter\u00e1 bude vyvinuta.<\/p>\n\n\n\n<p>My\u0161lenka: podpo\u0159it z\u00edsk\u00e1v\u00e1n\u00ed kl\u00ed\u010dov\u00fdch vysoce hodnotn\u00fdch kompetenc\u00ed nezbytn\u00fdch pro zaveden\u00ed modern\u00edho a inovativn\u00edho u\u010den\u00ed.<\/p>\n","protected":false},"excerpt":{"rendered":"<p>IO3 SAFE \u2013 Teacher training course on Streamlabs OBS and use of streaming platforms Modular teacher training curriculum for streaming at schools will be developed as a basis for the online courses and learning modules on the learning platform to be developed. The idea: to support the acquisition of key high-value competences necessary for the &hellip; <\/p>\n<p class=\"link-more\"><a href=\"https:\/\/safe.eduproject.eu\/index.php\/safe-curriculum\/\" class=\"more-link\">Continue reading<span class=\"screen-reader-text\"> &#8220;SAFE \u2013 Teacher Training Course &#038; Curriculum&#8221;<\/span><\/a><\/p>\n","protected":false},"author":1,"featured_media":0,"parent":0,"menu_order":0,"comment_status":"closed","ping_status":"closed","template":"","meta":{"footnotes":""},"class_list":["post-303","page","type-page","status-publish","hentry"],"_links":{"self":[{"href":"https:\/\/safe.eduproject.eu\/index.php\/wp-json\/wp\/v2\/pages\/303","targetHints":{"allow":["GET"]}}],"collection":[{"href":"https:\/\/safe.eduproject.eu\/index.php\/wp-json\/wp\/v2\/pages"}],"about":[{"href":"https:\/\/safe.eduproject.eu\/index.php\/wp-json\/wp\/v2\/types\/page"}],"author":[{"embeddable":true,"href":"https:\/\/safe.eduproject.eu\/index.php\/wp-json\/wp\/v2\/users\/1"}],"replies":[{"embeddable":true,"href":"https:\/\/safe.eduproject.eu\/index.php\/wp-json\/wp\/v2\/comments?post=303"}],"version-history":[{"count":3,"href":"https:\/\/safe.eduproject.eu\/index.php\/wp-json\/wp\/v2\/pages\/303\/revisions"}],"predecessor-version":[{"id":674,"href":"https:\/\/safe.eduproject.eu\/index.php\/wp-json\/wp\/v2\/pages\/303\/revisions\/674"}],"wp:attachment":[{"href":"https:\/\/safe.eduproject.eu\/index.php\/wp-json\/wp\/v2\/media?parent=303"}],"curies":[{"name":"wp","href":"https:\/\/api.w.org\/{rel}","templated":true}]}}