{"id":24,"date":"2022-03-17T11:40:42","date_gmt":"2022-03-17T11:40:42","guid":{"rendered":"https:\/\/safe.eduproject.eu\/?page_id=24"},"modified":"2023-03-01T13:05:35","modified_gmt":"2023-03-01T13:05:35","slug":"deliverables","status":"publish","type":"page","link":"https:\/\/safe.eduproject.eu\/index.php\/deliverables\/","title":{"rendered":"Deliverables"},"content":{"rendered":"\n<p>You will find here the deliverables of the SAFE project according to the different Intellectual Outputs (IOs) and with regard to Project Management (PM).<\/p>\n\n\n\n<p>The file names of the IOs contain information about the number of the intellectual output, the number of the activity, the number of the partner and possibly the language in which the deliverable is available. In addition, a short text title provides a substantive hint as to what the file is about.<\/p>\n\n\n\n<p>The <em>partners have the following abbreviations<\/em>:<\/p>\n\n\n\n<p><strong>Project Partners: <\/strong><\/p>\n\n\n\n<p>P0- UPB-  Universit\u00e4t Paderborn, Lehrstuhl Wirtschaftsp\u00e4dagogik II, Deutschland)<br>P1- IK-  Ingenious Knowledge GmbH, Deutschland<br>P2- CEIP- CEIP Tom\u00e1s Romojaro, Spanien<br>P3- KZ- KURZY ZEBRA s.r.o., Tschechische Republik<br><\/p>\n\n\n\n<p><strong>Language abbreviations:<\/strong><\/p>\n\n\n\n<p>DE- Germany<br>EN- English<br>ES- Spanish<br>CZ- Czech <\/p>\n\n\n\n<p><em>Example file name with explanation:<br>O1-P0-A1\u2013 General information about the Project \u2013 EN<br>The file is about Intellectual Output 1 (O1), created by Partner P0 (University of Paderborn) on the SAFE  project with a General information about the Project in English language.<\/em><\/p>\n\n\n\n<p>There are seven IOs (Intellectual outputs) in the project SAFE:<\/p>\n\n\n\n<figure class=\"wp-block-image size-large\"><img loading=\"lazy\" decoding=\"async\" width=\"1024\" height=\"573\" src=\"https:\/\/safe.eduproject.eu\/wp-content\/uploads\/2022\/03\/SAFE-Intellectual-Outcomes-1-1024x573.jpg\" alt=\"\" class=\"wp-image-184\" srcset=\"https:\/\/safe.eduproject.eu\/wp-content\/uploads\/2022\/03\/SAFE-Intellectual-Outcomes-1-1024x573.jpg 1024w, https:\/\/safe.eduproject.eu\/wp-content\/uploads\/2022\/03\/SAFE-Intellectual-Outcomes-1-300x168.jpg 300w, https:\/\/safe.eduproject.eu\/wp-content\/uploads\/2022\/03\/SAFE-Intellectual-Outcomes-1-768x430.jpg 768w, https:\/\/safe.eduproject.eu\/wp-content\/uploads\/2022\/03\/SAFE-Intellectual-Outcomes-1.jpg 1306w\" sizes=\"auto, (max-width: 767px) 89vw, (max-width: 1000px) 54vw, (max-width: 1071px) 543px, 580px\" \/><\/figure>\n\n\n\n<p><\/p>\n\n\n\n<p><strong>I PM- Files concerning Project Management<\/strong><\/p>\n\n\n\n<p><strong>Dissemination Materials:<\/strong><\/p>\n\n\n\n<p><strong>(a) Poster <\/strong><\/p>\n\n\n\n<p><strong>(b) Online Article<\/strong><\/p>\n\n\n\n<p><strong>c) Flyer<\/strong><\/p>\n\n\n\n<p><strong>c) Online Article\/ Newsletters<\/strong><\/p>\n\n\n\n<p><\/p>\n\n\n\n<p><strong>Templates:<\/strong><\/p>\n\n\n\n<div class=\"wp-block-file\"><a id=\"wp-block-file--media-dc145f91-ac34-4f51-933b-bbe793a3d7ca\" href=\"https:\/\/safe.eduproject.eu\/wp-content\/uploads\/2022\/03\/SAFE-Dissemination-Report-Template.docx\">SAFE-Dissemination-Report-Template<\/a><a href=\"https:\/\/safe.eduproject.eu\/wp-content\/uploads\/2022\/03\/SAFE-Dissemination-Report-Template.docx\" class=\"wp-block-file__button wp-element-button\" download aria-describedby=\"wp-block-file--media-dc145f91-ac34-4f51-933b-bbe793a3d7ca\">Download<\/a><\/div>\n\n\n\n<div class=\"wp-block-file\"><a id=\"wp-block-file--media-0e978bae-bcae-4f75-b02a-4883346dfb31\" href=\"https:\/\/safe.eduproject.eu\/wp-content\/uploads\/2022\/03\/SAFE-SlideMaster.pptx\">SAFE-SlideMaster<\/a><a href=\"https:\/\/safe.eduproject.eu\/wp-content\/uploads\/2022\/03\/SAFE-SlideMaster.pptx\" class=\"wp-block-file__button wp-element-button\" download aria-describedby=\"wp-block-file--media-0e978bae-bcae-4f75-b02a-4883346dfb31\">Download<\/a><\/div>\n\n\n\n<div class=\"wp-block-file\"><a id=\"wp-block-file--media-b3bb477c-de5c-4fa3-b61e-688489f37be7\" href=\"https:\/\/safe.eduproject.eu\/wp-content\/uploads\/2022\/03\/SAFE-Word-Template-EN.docx\">SAFE-Word-Template-EN<\/a><a href=\"https:\/\/safe.eduproject.eu\/wp-content\/uploads\/2022\/03\/SAFE-Word-Template-EN.docx\" class=\"wp-block-file__button wp-element-button\" download aria-describedby=\"wp-block-file--media-b3bb477c-de5c-4fa3-b61e-688489f37be7\">Download<\/a><\/div>\n\n\n\n<div class=\"wp-block-file\"><a id=\"wp-block-file--media-3792b0a4-1daf-4182-b266-919342531708\" href=\"https:\/\/safe.eduproject.eu\/wp-content\/uploads\/2022\/03\/SAFE-Social-Media-Roster-UPB.docx\">SAFE-Social-Media-Roster-UPB<\/a><a href=\"https:\/\/safe.eduproject.eu\/wp-content\/uploads\/2022\/03\/SAFE-Social-Media-Roster-UPB.docx\" class=\"wp-block-file__button wp-element-button\" download aria-describedby=\"wp-block-file--media-3792b0a4-1daf-4182-b266-919342531708\">Download<\/a><\/div>\n\n\n\n<div class=\"wp-block-file\"><a id=\"wp-block-file--media-9c4f4d03-1503-44f6-91f8-7c54643f2784\" href=\"https:\/\/safe.eduproject.eu\/wp-content\/uploads\/2022\/03\/SAFE-Dissemination-Plan-UPB.docx\">SAFE-Dissemination-Plan-UPB<\/a><a href=\"https:\/\/safe.eduproject.eu\/wp-content\/uploads\/2022\/03\/SAFE-Dissemination-Plan-UPB.docx\" class=\"wp-block-file__button wp-element-button\" download aria-describedby=\"wp-block-file--media-9c4f4d03-1503-44f6-91f8-7c54643f2784\">Download<\/a><\/div>\n\n\n\n<p><\/p>\n\n\n\n<p><em>OER-Licence:<\/em><\/p>\n\n\n\n<figure class=\"wp-block-image\"><img decoding=\"async\" src=\"http:\/\/digivet.eduproject.eu\/wp-content\/uploads\/2019\/11\/CC-BY-SA-4.0.png\" alt=\"\" class=\"wp-image-243\"\/><figcaption class=\"wp-element-caption\">This work is licensed under a&nbsp;<a href=\"http:\/\/creativecommons.org\/licenses\/by-sa\/4.0\/\">Creative Commons Attribution-ShareAlike 4.0 International License<\/a><\/figcaption><\/figure>\n\n\n\n<p><em>Erasmus+-Logo:<\/em><\/p>\n\n\n\n<figure class=\"wp-block-image\"><img decoding=\"async\" src=\"https:\/\/digivet.eduproject.eu\/wp-content\/uploads\/2018\/10\/erasmuslogo_mic-300x86.jpg\" alt=\"\" class=\"wp-image-62\"\/><\/figure>\n\n\n\n<figure class=\"wp-block-image\"><img decoding=\"async\" src=\"http:\/\/digivet.eduproject.eu\/wp-content\/uploads\/2019\/11\/logosbeneficaireserasmusleft_en-300x66.jpg\" alt=\"\" class=\"wp-image-343\"\/><\/figure>\n\n\n\n<p><em>Haftungsausschluss:<\/em><\/p>\n\n\n\n<p>Die Unterst\u00fctzung der Europ\u00e4ischen Kommission f\u00fcr die Erstellung dieser Ver\u00f6ffentlichung stellt keine Billigung der Inhalte dar, die nur die Ansichten der Autoren widerspiegelt, und die Kommission kann nicht f\u00fcr jede Verwendung der darin enthaltenen Informationen verantwortlich gemacht werden.<\/p>\n\n\n\n<p><\/p>\n\n\n\n<p>The European Commission support for the production of this publication does not constitute an endorsement of the contents which reflects the views only of the authors, and the Commission cannot be held responsible for any use which may be made of the information contained therein.<\/p>\n","protected":false},"excerpt":{"rendered":"<p>You will find here the deliverables of the SAFE project according to the different Intellectual Outputs (IOs) and with regard to Project Management (PM). The file names of the IOs contain information about the number of the intellectual output, the number of the activity, the number of the partner and possibly the language in which &hellip; <\/p>\n<p class=\"link-more\"><a href=\"https:\/\/safe.eduproject.eu\/index.php\/deliverables\/\" class=\"more-link\">Continue reading<span class=\"screen-reader-text\"> &#8220;Deliverables&#8221;<\/span><\/a><\/p>\n","protected":false},"author":1,"featured_media":0,"parent":0,"menu_order":0,"comment_status":"closed","ping_status":"closed","template":"","meta":{"footnotes":""},"class_list":["post-24","page","type-page","status-publish","hentry"],"_links":{"self":[{"href":"https:\/\/safe.eduproject.eu\/index.php\/wp-json\/wp\/v2\/pages\/24","targetHints":{"allow":["GET"]}}],"collection":[{"href":"https:\/\/safe.eduproject.eu\/index.php\/wp-json\/wp\/v2\/pages"}],"about":[{"href":"https:\/\/safe.eduproject.eu\/index.php\/wp-json\/wp\/v2\/types\/page"}],"author":[{"embeddable":true,"href":"https:\/\/safe.eduproject.eu\/index.php\/wp-json\/wp\/v2\/users\/1"}],"replies":[{"embeddable":true,"href":"https:\/\/safe.eduproject.eu\/index.php\/wp-json\/wp\/v2\/comments?post=24"}],"version-history":[{"count":9,"href":"https:\/\/safe.eduproject.eu\/index.php\/wp-json\/wp\/v2\/pages\/24\/revisions"}],"predecessor-version":[{"id":905,"href":"https:\/\/safe.eduproject.eu\/index.php\/wp-json\/wp\/v2\/pages\/24\/revisions\/905"}],"wp:attachment":[{"href":"https:\/\/safe.eduproject.eu\/index.php\/wp-json\/wp\/v2\/media?parent=24"}],"curies":[{"name":"wp","href":"https:\/\/api.w.org\/{rel}","templated":true}]}}